{"id":12815,"date":"2021-02-18T13:40:42","date_gmt":"2022-04-04T16:57:19","guid":{"rendered":"http:\/\/bcweededible.net\/?post_type=product&#038;p=12815"},"modified":"2026-03-23T11:02:35","modified_gmt":"2026-03-23T18:02:35","slug":"20mg-thc-jujubes","status":"publish","type":"product","link":"https:\/\/bcweededible.net\/fr\/buy\/marques\/eden-edibles-fr\/20mg-thc-jujubes\/","title":{"rendered":"Jujubes THC 200mg (10x20mg)"},"content":{"rendered":"","protected":false},"excerpt":{"rendered":"<div class=\"woocommerce-product-details__short-description\">\n<p>Nos jujubes THC 200 mg sont vegan, sans g\u00e9latine et fabriqu\u00e9s avec les meilleurs ingr\u00e9dients. Une texture parfaite et un go\u00fbt d\u00e9licieux. Facile \u00e0 transporter et parfait pour se g\u00e2ter et enfin profiter d&#8217;un produit de grande qualit\u00e9 gustative. Tous nos jujubes sont offerts en diff\u00e9rentes saveurs.<\/p>\n<p><strong>20 mg est un bon dosage pour les d\u00e9butants<\/strong>. Il peut m\u00eame \u00eatre divis\u00e9 en deux parties de 10mg afin d&#8217;avoir un l\u00e9ger buzz. Les deux dosages sont parfaits \u00e0 des fins r\u00e9cr\u00e9atives. Chaque paquet de 200 mg contient 10 jujubes contenant 20 mg de THC chacun.<\/p>\n<p><strong>Ingr\u00e9dients :<\/strong> pur\u00e9e de fruits, sucre, pectine NH, glucose, jus de citron, distillat THC<br \/>\n<strong>Conservation : 6 mois au r\u00e9frig\u00e9rateur, 2 mois \u00e0 temp\u00e9rature ambiante<\/strong><\/p>\n<div class=\"woocommerce-product-details__short-description\">\n<p><strong>Achetez plus, \u00e9conomisez plus<\/strong> : obtenez jusqu&#8217;\u00e0 20 % de r\u00e9duction sur vos produits comestibles lors de l&#8217;achat de plusieurs paquets.<\/p>\n<\/div>\n<\/div>\n","protected":false},"featured_media":99959,"comment_status":"open","ping_status":"closed","template":"","meta":{"wprm-recipe-roundup-name":"","wprm-recipe-roundup-description":""},"product_cat":[269,244,545,246,546,664,276,280],"product_tag":[338],"class_list":{"0":"post-12815","1":"product","2":"type-product","3":"status-publish","4":"has-post-thumbnail","6":"product_cat-200mg-fr","7":"product_cat-comestibles","8":"product_cat-comestibles-indica","9":"product_cat-pas-cher","10":"product_cat-comestibles-sativa","11":"product_cat-eden-edibles-fr","12":"product_cat-jujubes","13":"product_cat-vegan-fr","14":"product_tag-20mg-fr","16":"first","17":"instock","18":"shipping-taxable","19":"purchasable","20":"product-type-variable","21":"has-default-attributes"},"yoast_head":"\n<title>Acheter 20mg THC Gummies Canada | 20 mg de gommes comestibles | BC Weed Edible<\/title>\n<meta name=\"robots\" content=\"index, follow, max-snippet:-1, max-image-preview:large, max-video-preview:-1\" \/>\n<link rel=\"canonical\" href=\"https:\/\/bcweededible.net\/fr\/buy\/marques\/eden-edibles-fr\/20mg-thc-jujubes\/\" \/>\n<meta property=\"og:locale\" content=\"fr_FR\" \/>\n<meta property=\"og:type\" content=\"article\" \/>\n<meta property=\"og:title\" content=\"Acheter 20mg THC Gummies Canada | 20 mg de gommes comestibles | BC Weed Edible\" \/>\n<meta property=\"og:description\" content=\"Nos jujubes THC 200 mg sont vegan, sans g\u00e9latine et fabriqu\u00e9s avec les meilleurs ingr\u00e9dients. Une texture parfaite et un go\u00fbt d\u00e9licieux. Facile \u00e0 transporter et parfait pour se g\u00e2ter et enfin profiter d&#039;un produit de grande qualit\u00e9 gustative. Tous nos jujubes sont offerts en diff\u00e9rentes saveurs. 20 mg est un bon dosage pour les d\u00e9butants. Il peut m\u00eame \u00eatre divis\u00e9 en deux parties de 10mg afin d&#039;avoir un l\u00e9ger buzz. Les deux dosages sont parfaits \u00e0 des fins r\u00e9cr\u00e9atives. Chaque paquet de 200 mg contient 10 jujubes contenant 20 mg de THC chacun. Ingr\u00e9dients : pur\u00e9e de fruits, sucre, pectine NH, glucose, jus de citron, distillat THC Conservation : 6 mois au r\u00e9frig\u00e9rateur, 2 mois \u00e0 temp\u00e9rature ambiante Achetez plus, \u00e9conomisez plus : obtenez jusqu&#039;\u00e0 20 % de r\u00e9duction sur vos produits comestibles lors de l&#039;achat de plusieurs paquets.\" \/>\n<meta property=\"og:url\" content=\"https:\/\/bcweededible.net\/fr\/buy\/marques\/eden-edibles-fr\/20mg-thc-jujubes\/\" \/>\n<meta property=\"og:site_name\" content=\"BC Weed Edible\" \/>\n<meta property=\"article:modified_time\" content=\"2026-03-23T18:02:35+00:00\" \/>\n<meta property=\"og:image\" content=\"https:\/\/bcweededible.net\/wp-content\/uploads\/2025\/06\/200mg-thc-gummies-indica-eden2.jpg\" \/>\n\t<meta property=\"og:image:width\" content=\"1080\" \/>\n\t<meta property=\"og:image:height\" content=\"1080\" \/>\n\t<meta property=\"og:image:type\" content=\"image\/jpeg\" \/>\n<meta name=\"twitter:card\" content=\"summary_large_image\" \/>\n<script type=\"application\/ld+json\" class=\"yoast-schema-graph\">{\"@context\":\"https:\/\/schema.org\",\"@graph\":[{\"@type\":\"WebPage\",\"@id\":\"https:\/\/bcweededible.net\/fr\/buy\/marques\/eden-edibles-fr\/20mg-thc-jujubes\/\",\"url\":\"https:\/\/bcweededible.net\/fr\/buy\/marques\/eden-edibles-fr\/20mg-thc-jujubes\/\",\"name\":\"Acheter 20mg THC Gummies Canada | 20 mg de gommes comestibles | BC Weed Edible\",\"isPartOf\":{\"@id\":\"https:\/\/bcweededible.net\/fr\/#website\"},\"primaryImageOfPage\":{\"@id\":\"https:\/\/bcweededible.net\/fr\/buy\/marques\/eden-edibles-fr\/20mg-thc-jujubes\/#primaryimage\"},\"image\":{\"@id\":\"https:\/\/bcweededible.net\/fr\/buy\/marques\/eden-edibles-fr\/20mg-thc-jujubes\/#primaryimage\"},\"thumbnailUrl\":\"https:\/\/bcweededible.net\/wp-content\/uploads\/2025\/06\/200mg-thc-gummies-indica-eden2.jpg\",\"datePublished\":\"2022-04-04T16:57:19+00:00\",\"dateModified\":\"2026-03-23T18:02:35+00:00\",\"breadcrumb\":{\"@id\":\"https:\/\/bcweededible.net\/fr\/buy\/marques\/eden-edibles-fr\/20mg-thc-jujubes\/#breadcrumb\"},\"inLanguage\":\"fr-FR\",\"potentialAction\":[{\"@type\":\"ReadAction\",\"target\":[\"https:\/\/bcweededible.net\/fr\/buy\/marques\/eden-edibles-fr\/20mg-thc-jujubes\/\"]}]},{\"@type\":\"ImageObject\",\"inLanguage\":\"fr-FR\",\"@id\":\"https:\/\/bcweededible.net\/fr\/buy\/marques\/eden-edibles-fr\/20mg-thc-jujubes\/#primaryimage\",\"url\":\"https:\/\/bcweededible.net\/wp-content\/uploads\/2025\/06\/200mg-thc-gummies-indica-eden2.jpg\",\"contentUrl\":\"https:\/\/bcweededible.net\/wp-content\/uploads\/2025\/06\/200mg-thc-gummies-indica-eden2.jpg\",\"width\":1080,\"height\":1080},{\"@type\":\"BreadcrumbList\",\"@id\":\"https:\/\/bcweededible.net\/fr\/buy\/marques\/eden-edibles-fr\/20mg-thc-jujubes\/#breadcrumb\",\"itemListElement\":[{\"@type\":\"ListItem\",\"position\":1,\"name\":\"Jujubes au Pot Canada\",\"item\":\"https:\/\/bcweededible.net\/fr\/shop\/\"},{\"@type\":\"ListItem\",\"position\":2,\"name\":\"Jujubes THC 200mg (10x20mg)\"}]},{\"@type\":\"WebSite\",\"@id\":\"https:\/\/bcweededible.net\/fr\/#website\",\"url\":\"https:\/\/bcweededible.net\/fr\/\",\"name\":\"BC Weed Edible\",\"description\":\"\",\"publisher\":{\"@id\":\"https:\/\/bcweededible.net\/fr\/#organization\"},\"potentialAction\":[{\"@type\":\"SearchAction\",\"target\":{\"@type\":\"EntryPoint\",\"urlTemplate\":\"https:\/\/bcweededible.net\/fr\/?s={search_term_string}\"},\"query-input\":{\"@type\":\"PropertyValueSpecification\",\"valueRequired\":true,\"valueName\":\"search_term_string\"}}],\"inLanguage\":\"fr-FR\"},{\"@type\":\"Organization\",\"@id\":\"https:\/\/bcweededible.net\/fr\/#organization\",\"name\":\"BC Weed Edible\",\"url\":\"https:\/\/bcweededible.net\/fr\/\",\"logo\":{\"@type\":\"ImageObject\",\"inLanguage\":\"fr-FR\",\"@id\":\"https:\/\/bcweededible.net\/fr\/#\/schema\/logo\/image\/\",\"url\":\"https:\/\/bcweededible.net\/wp-content\/uploads\/2021\/12\/bc-weed-edible-canada.png\",\"contentUrl\":\"https:\/\/bcweededible.net\/wp-content\/uploads\/2021\/12\/bc-weed-edible-canada.png\",\"width\":270,\"height\":185,\"caption\":\"BC Weed Edible\"},\"image\":{\"@id\":\"https:\/\/bcweededible.net\/fr\/#\/schema\/logo\/image\/\"}}]}<\/script>\n","yoast_head_json":{"title":"Acheter 20mg THC Gummies Canada | 20 mg de gommes comestibles | BC Weed Edible","robots":{"index":"index","follow":"follow","max-snippet":"max-snippet:-1","max-image-preview":"max-image-preview:large","max-video-preview":"max-video-preview:-1"},"canonical":"https:\/\/bcweededible.net\/fr\/buy\/marques\/eden-edibles-fr\/20mg-thc-jujubes\/","og_locale":"fr_FR","og_type":"article","og_title":"Acheter 20mg THC Gummies Canada | 20 mg de gommes comestibles | BC Weed Edible","og_description":"Nos jujubes THC 200 mg sont vegan, sans g\u00e9latine et fabriqu\u00e9s avec les meilleurs ingr\u00e9dients. Une texture parfaite et un go\u00fbt d\u00e9licieux. Facile \u00e0 transporter et parfait pour se g\u00e2ter et enfin profiter d'un produit de grande qualit\u00e9 gustative. Tous nos jujubes sont offerts en diff\u00e9rentes saveurs. 20 mg est un bon dosage pour les d\u00e9butants. Il peut m\u00eame \u00eatre divis\u00e9 en deux parties de 10mg afin d'avoir un l\u00e9ger buzz. Les deux dosages sont parfaits \u00e0 des fins r\u00e9cr\u00e9atives. Chaque paquet de 200 mg contient 10 jujubes contenant 20 mg de THC chacun. Ingr\u00e9dients : pur\u00e9e de fruits, sucre, pectine NH, glucose, jus de citron, distillat THC Conservation : 6 mois au r\u00e9frig\u00e9rateur, 2 mois \u00e0 temp\u00e9rature ambiante Achetez plus, \u00e9conomisez plus : obtenez jusqu'\u00e0 20 % de r\u00e9duction sur vos produits comestibles lors de l'achat de plusieurs paquets.","og_url":"https:\/\/bcweededible.net\/fr\/buy\/marques\/eden-edibles-fr\/20mg-thc-jujubes\/","og_site_name":"BC Weed Edible","article_modified_time":"2026-03-23T18:02:35+00:00","og_image":[{"width":1080,"height":1080,"url":"https:\/\/bcweededible.net\/wp-content\/uploads\/2025\/06\/200mg-thc-gummies-indica-eden2.jpg","type":"image\/jpeg"}],"twitter_card":"summary_large_image","schema":{"@context":"https:\/\/schema.org","@graph":[{"@type":"WebPage","@id":"https:\/\/bcweededible.net\/fr\/buy\/marques\/eden-edibles-fr\/20mg-thc-jujubes\/","url":"https:\/\/bcweededible.net\/fr\/buy\/marques\/eden-edibles-fr\/20mg-thc-jujubes\/","name":"Acheter 20mg THC Gummies Canada | 20 mg de gommes comestibles | BC Weed Edible","isPartOf":{"@id":"https:\/\/bcweededible.net\/fr\/#website"},"primaryImageOfPage":{"@id":"https:\/\/bcweededible.net\/fr\/buy\/marques\/eden-edibles-fr\/20mg-thc-jujubes\/#primaryimage"},"image":{"@id":"https:\/\/bcweededible.net\/fr\/buy\/marques\/eden-edibles-fr\/20mg-thc-jujubes\/#primaryimage"},"thumbnailUrl":"https:\/\/bcweededible.net\/wp-content\/uploads\/2025\/06\/200mg-thc-gummies-indica-eden2.jpg","datePublished":"2022-04-04T16:57:19+00:00","dateModified":"2026-03-23T18:02:35+00:00","breadcrumb":{"@id":"https:\/\/bcweededible.net\/fr\/buy\/marques\/eden-edibles-fr\/20mg-thc-jujubes\/#breadcrumb"},"inLanguage":"fr-FR","potentialAction":[{"@type":"ReadAction","target":["https:\/\/bcweededible.net\/fr\/buy\/marques\/eden-edibles-fr\/20mg-thc-jujubes\/"]}]},{"@type":"ImageObject","inLanguage":"fr-FR","@id":"https:\/\/bcweededible.net\/fr\/buy\/marques\/eden-edibles-fr\/20mg-thc-jujubes\/#primaryimage","url":"https:\/\/bcweededible.net\/wp-content\/uploads\/2025\/06\/200mg-thc-gummies-indica-eden2.jpg","contentUrl":"https:\/\/bcweededible.net\/wp-content\/uploads\/2025\/06\/200mg-thc-gummies-indica-eden2.jpg","width":1080,"height":1080},{"@type":"BreadcrumbList","@id":"https:\/\/bcweededible.net\/fr\/buy\/marques\/eden-edibles-fr\/20mg-thc-jujubes\/#breadcrumb","itemListElement":[{"@type":"ListItem","position":1,"name":"Jujubes au Pot Canada","item":"https:\/\/bcweededible.net\/fr\/shop\/"},{"@type":"ListItem","position":2,"name":"Jujubes THC 200mg (10x20mg)"}]},{"@type":"WebSite","@id":"https:\/\/bcweededible.net\/fr\/#website","url":"https:\/\/bcweededible.net\/fr\/","name":"BC Weed Edible","description":"","publisher":{"@id":"https:\/\/bcweededible.net\/fr\/#organization"},"potentialAction":[{"@type":"SearchAction","target":{"@type":"EntryPoint","urlTemplate":"https:\/\/bcweededible.net\/fr\/?s={search_term_string}"},"query-input":{"@type":"PropertyValueSpecification","valueRequired":true,"valueName":"search_term_string"}}],"inLanguage":"fr-FR"},{"@type":"Organization","@id":"https:\/\/bcweededible.net\/fr\/#organization","name":"BC Weed Edible","url":"https:\/\/bcweededible.net\/fr\/","logo":{"@type":"ImageObject","inLanguage":"fr-FR","@id":"https:\/\/bcweededible.net\/fr\/#\/schema\/logo\/image\/","url":"https:\/\/bcweededible.net\/wp-content\/uploads\/2021\/12\/bc-weed-edible-canada.png","contentUrl":"https:\/\/bcweededible.net\/wp-content\/uploads\/2021\/12\/bc-weed-edible-canada.png","width":270,"height":185,"caption":"BC Weed Edible"},"image":{"@id":"https:\/\/bcweededible.net\/fr\/#\/schema\/logo\/image\/"}}]}},"_links":{"self":[{"href":"https:\/\/bcweededible.net\/fr\/wp-json\/wp\/v2\/product\/12815","targetHints":{"allow":["GET"]}}],"collection":[{"href":"https:\/\/bcweededible.net\/fr\/wp-json\/wp\/v2\/product"}],"about":[{"href":"https:\/\/bcweededible.net\/fr\/wp-json\/wp\/v2\/types\/product"}],"replies":[{"embeddable":true,"href":"https:\/\/bcweededible.net\/fr\/wp-json\/wp\/v2\/comments?post=12815"}],"wp:featuredmedia":[{"embeddable":true,"href":"https:\/\/bcweededible.net\/fr\/wp-json\/wp\/v2\/media\/99959"}],"wp:attachment":[{"href":"https:\/\/bcweededible.net\/fr\/wp-json\/wp\/v2\/media?parent=12815"}],"wp:term":[{"taxonomy":"product_cat","embeddable":true,"href":"https:\/\/bcweededible.net\/fr\/wp-json\/wp\/v2\/product_cat?post=12815"},{"taxonomy":"product_tag","embeddable":true,"href":"https:\/\/bcweededible.net\/fr\/wp-json\/wp\/v2\/product_tag?post=12815"}],"curies":[{"name":"wp","href":"https:\/\/api.w.org\/{rel}","templated":true}]}}