{"id":44188,"date":"2023-09-14T12:19:12","date_gmt":"2023-09-14T19:19:12","guid":{"rendered":"https:\/\/bcweededible.net\/coupons-et-reductions\/"},"modified":"2025-12-02T18:13:13","modified_gmt":"2025-12-03T02:13:13","slug":"coupons-et-reductions","status":"publish","type":"page","link":"https:\/\/bcweededible.net\/fr\/coupons-et-reductions\/","title":{"rendered":"Coupons et r\u00e9ductions"},"content":{"rendered":"<div class=\"wpb-content-wrapper\"><p>[vc_row content_placement=&#8221;top&#8221; css=&#8221;.vc_custom_1492000772074{margin-bottom: 1vh !important;}&#8221;][vc_column width=&#8221;1\/2&#8243; css=&#8221;.vc_custom_1492000419608{margin-bottom: 20px !important;}&#8221;]\t\t\t<div class=\"wd-menu-price wd-wpb \">\n\t\t\t\t\t\t\t\t\t<div class=\"menu-price-image\">\n\t\t\t\t\t\t<img loading=\"lazy\" decoding=\"async\" width=\"1080\" height=\"1080\" src=\"https:\/\/bcweededible.net\/wp-content\/uploads\/2022\/11\/thc-vape-cart-kit-white.jpg\" class=\"attachment-full size-full\" alt=\"thc vape kit with white background\" srcset=\"https:\/\/bcweededible.net\/wp-content\/uploads\/2022\/11\/thc-vape-cart-kit-white.jpg 1080w, https:\/\/bcweededible.net\/wp-content\/uploads\/2022\/11\/thc-vape-cart-kit-white-350x350.jpg 350w, https:\/\/bcweededible.net\/wp-content\/uploads\/2022\/11\/thc-vape-cart-kit-white-150x150.jpg 150w, https:\/\/bcweededible.net\/wp-content\/uploads\/2022\/11\/thc-vape-cart-kit-white-300x300.jpg 300w, https:\/\/bcweededible.net\/wp-content\/uploads\/2022\/11\/thc-vape-cart-kit-white-1024x1024.jpg 1024w, https:\/\/bcweededible.net\/wp-content\/uploads\/2022\/11\/thc-vape-cart-kit-white-768x768.jpg 768w, https:\/\/bcweededible.net\/wp-content\/uploads\/2022\/11\/thc-vape-cart-kit-white-500x500.jpg 500w\" sizes=\"auto, (max-width: 1080px) 100vw, 1080px\" \/>\t\t\t\t\t<\/div>\n\t\t\t\t\t\t\t\t<div class=\"menu-price-desc-wrapp\">\n\t\t\t\t\t<div class=\"menu-price-heading\">\n\t\t\t\t\t\t\t\t\t\t\t\t\t<h3 class=\"menu-price-title wd-entities-title\"><span>20$ DE R\u00c9DUCTION SUR LA PREMI\u00c8RE COMMANDE<\/span><\/h3>\n\t\t\t\t\t\t\t\t\t\t\t\t<div class=\"menu-price-price price\">FIRST20<\/div>\n\t\t\t\t\t<\/div>\n\t\t\t\t\t\t\t\t\t\t\t<div class=\"menu-price-details\">Obtenez 20$ de r\u00e9duction sur votre premi\u00e8re commande \u00e0 partir de 99$ d&#039;achat<\/div>\n\t\t\t\t\t\t\t\t\t<\/div>\n\n\t\t\t\t\t\t\t<\/div>\n\t\t\t\t\t<div class=\"wd-menu-price wd-wpb wd-with-link wd-rs-6618199e0d2a7 \">\n\t\t\t\t\t\t\t\t\t<div class=\"menu-price-image\">\n\t\t\t\t\t\t<img loading=\"lazy\" decoding=\"async\" width=\"1080\" height=\"1080\" src=\"https:\/\/bcweededible.net\/wp-content\/uploads\/2022\/08\/thc-vape-carts-canada.jpg\" class=\"attachment-full size-full\" alt=\"\" srcset=\"https:\/\/bcweededible.net\/wp-content\/uploads\/2022\/08\/thc-vape-carts-canada.jpg 1080w, https:\/\/bcweededible.net\/wp-content\/uploads\/2022\/08\/thc-vape-carts-canada-350x350.jpg 350w, https:\/\/bcweededible.net\/wp-content\/uploads\/2022\/08\/thc-vape-carts-canada-150x150.jpg 150w, https:\/\/bcweededible.net\/wp-content\/uploads\/2022\/08\/thc-vape-carts-canada-700x700.jpg 700w, https:\/\/bcweededible.net\/wp-content\/uploads\/2022\/08\/thc-vape-carts-canada-300x300.jpg 300w, https:\/\/bcweededible.net\/wp-content\/uploads\/2022\/08\/thc-vape-carts-canada-768x768.jpg 768w, https:\/\/bcweededible.net\/wp-content\/uploads\/2022\/08\/thc-vape-carts-canada-1024x1024.jpg 1024w, https:\/\/bcweededible.net\/wp-content\/uploads\/2022\/08\/thc-vape-carts-canada-500x500.jpg 500w, https:\/\/bcweededible.net\/wp-content\/uploads\/2022\/08\/thc-vape-carts-canada-600x600.jpg 600w\" sizes=\"auto, (max-width: 1080px) 100vw, 1080px\" \/>\t\t\t\t\t<\/div>\n\t\t\t\t\t\t\t\t<div class=\"menu-price-desc-wrapp\">\n\t\t\t\t\t<div class=\"menu-price-heading\">\n\t\t\t\t\t\t\t\t\t\t\t\t\t<h3 class=\"menu-price-title wd-entities-title\"><span>10% OFF BULK EDEN EDIBLES<\/span><\/h3>\n\t\t\t\t\t\t\t\t\t\t\t\t<div class=\"menu-price-price price\">EDEN10<\/div>\n\t\t\t\t\t<\/div>\n\t\t\t\t\t\t\t\t\t\t\t<div class=\"menu-price-details\">Save 10% of your bulk order when you buy eden edibles.<\/div>\n\t\t\t\t\t\t\t\t\t<\/div>\n\n\t\t\t\t\t\t\t\t\t<a class=\"wd-menu-price-link wd-fill\" aria-label=\"Menu price link\" href=\"https:\/\/bcweededible.net\/fr\/shop\/gros\/comestibles-en-gros\/\" title=\"\"><\/a>\n\t\t\t\t\t\t\t<\/div>\n\t\t[vc_empty_space height=&#8221;20&#8243;]\t\t\t<div class=\"wd-menu-price wd-wpb \">\n\t\t\t\t\t\t\t\t\t<div class=\"menu-price-image\">\n\t\t\t\t\t\t<img loading=\"lazy\" decoding=\"async\" width=\"1080\" height=\"1080\" src=\"https:\/\/bcweededible.net\/wp-content\/uploads\/2022\/08\/Eden-lemon-haze-vape-carts.jpg\" class=\"attachment-full size-full\" alt=\"super lemon haze vape cart\" srcset=\"https:\/\/bcweededible.net\/wp-content\/uploads\/2022\/08\/Eden-lemon-haze-vape-carts.jpg 1080w, https:\/\/bcweededible.net\/wp-content\/uploads\/2022\/08\/Eden-lemon-haze-vape-carts-350x350.jpg 350w, https:\/\/bcweededible.net\/wp-content\/uploads\/2022\/08\/Eden-lemon-haze-vape-carts-150x150.jpg 150w, https:\/\/bcweededible.net\/wp-content\/uploads\/2022\/08\/Eden-lemon-haze-vape-carts-700x700.jpg 700w, https:\/\/bcweededible.net\/wp-content\/uploads\/2022\/08\/Eden-lemon-haze-vape-carts-300x300.jpg 300w, https:\/\/bcweededible.net\/wp-content\/uploads\/2022\/08\/Eden-lemon-haze-vape-carts-768x768.jpg 768w, https:\/\/bcweededible.net\/wp-content\/uploads\/2022\/08\/Eden-lemon-haze-vape-carts-1024x1024.jpg 1024w, https:\/\/bcweededible.net\/wp-content\/uploads\/2022\/08\/Eden-lemon-haze-vape-carts-500x500.jpg 500w, https:\/\/bcweededible.net\/wp-content\/uploads\/2022\/08\/Eden-lemon-haze-vape-carts-600x600.jpg 600w\" sizes=\"auto, (max-width: 1080px) 100vw, 1080px\" \/>\t\t\t\t\t<\/div>\n\t\t\t\t\t\t\t\t<div class=\"menu-price-desc-wrapp\">\n\t\t\t\t\t<div class=\"menu-price-heading\">\n\t\t\t\t\t\t\t\t\t\t\t\t\t<h3 class=\"menu-price-title wd-entities-title\"><span>10 $ DE R\u00c9DUCTION SUR LES COMMANDES DE 199 $ ET PLUS<\/span><\/h3>\n\t\t\t\t\t\t\t\t\t\t\t\t<div class=\"menu-price-price price\">LARGE10<\/div>\n\t\t\t\t\t<\/div>\n\t\t\t\t\t\t\t\t\t\t\t<div class=\"menu-price-details\">Obtenez 10 $ de rabais sur votre commande lorsque vous achetez plus de 199 $.<\/div>\n\t\t\t\t\t\t\t\t\t<\/div>\n\n\t\t\t\t\t\t\t<\/div>\n\t\t\t\t\t<div class=\"wd-menu-price wd-wpb wd-with-link \">\n\t\t\t\t\t\t\t\t\t<div class=\"menu-price-image\">\n\t\t\t\t\t\t<img loading=\"lazy\" decoding=\"async\" width=\"720\" height=\"720\" src=\"https:\/\/bcweededible.net\/wp-content\/uploads\/2023\/02\/amsterdam-hash2.jpg\" class=\"attachment-full size-full\" alt=\"amsterdam hash in canada\" srcset=\"https:\/\/bcweededible.net\/wp-content\/uploads\/2023\/02\/amsterdam-hash2.jpg 720w, https:\/\/bcweededible.net\/wp-content\/uploads\/2023\/02\/amsterdam-hash2-350x350.jpg 350w, https:\/\/bcweededible.net\/wp-content\/uploads\/2023\/02\/amsterdam-hash2-150x150.jpg 150w, https:\/\/bcweededible.net\/wp-content\/uploads\/2023\/02\/amsterdam-hash2-700x700.jpg 700w, https:\/\/bcweededible.net\/wp-content\/uploads\/2023\/02\/amsterdam-hash2-300x300.jpg 300w, https:\/\/bcweededible.net\/wp-content\/uploads\/2023\/02\/amsterdam-hash2-500x500.jpg 500w, https:\/\/bcweededible.net\/wp-content\/uploads\/2023\/02\/amsterdam-hash2-600x600.jpg 600w\" sizes=\"auto, (max-width: 720px) 100vw, 720px\" \/>\t\t\t\t\t<\/div>\n\t\t\t\t\t\t\t\t<div class=\"menu-price-desc-wrapp\">\n\t\t\t\t\t<div class=\"menu-price-heading\">\n\t\t\t\t\t\t\t\t\t\t\t\t\t<h3 class=\"menu-price-title wd-entities-title\"><span>20 $ DE RABAIS SUR LES COMMANDES DE PLUS DE 399<\/span><\/h3>\n\t\t\t\t\t\t\t\t\t\t\t\t<div class=\"menu-price-price price\">LARGE20<\/div>\n\t\t\t\t\t<\/div>\n\t\t\t\t\t\t\t\t\t\t\t<div class=\"menu-price-details\">\u00c9conomisez 20 $ pour toutes vos commandes sup\u00e9rieures \u00e0 399 $, parfait si vous voulez acheter de l&#039;herbe en vrac !<\/div>\n\t\t\t\t\t\t\t\t\t<\/div>\n\n\t\t\t\t\t\t\t\t\t<a class=\"wd-menu-price-link wd-fill\" aria-label=\"Menu price link\" href=\"http:\/\/bcweededible.net\/shop\/cannabis-flowers\/\" title=\"\"><\/a>\n\t\t\t\t\t\t\t<\/div>\n\t\t[vc_empty_space height=&#8221;20&#8243;][\/vc_column][vc_column width=&#8221;1\/2&#8243;]\t\t\t<div class=\"wd-menu-price wd-wpb \">\n\t\t\t\t\t\t\t\t\t<div class=\"menu-price-image\">\n\t\t\t\t\t\t<img loading=\"lazy\" decoding=\"async\" width=\"519\" height=\"518\" src=\"https:\/\/bcweededible.net\/wp-content\/uploads\/2023\/08\/edibles-category.png\" class=\"attachment-full size-full\" alt=\"Edibles Category\" srcset=\"https:\/\/bcweededible.net\/wp-content\/uploads\/2023\/08\/edibles-category.png 519w, https:\/\/bcweededible.net\/wp-content\/uploads\/2023\/08\/edibles-category-350x350.png 350w, https:\/\/bcweededible.net\/wp-content\/uploads\/2023\/08\/edibles-category-150x150.png 150w, https:\/\/bcweededible.net\/wp-content\/uploads\/2023\/08\/edibles-category-300x300.png 300w, https:\/\/bcweededible.net\/wp-content\/uploads\/2023\/08\/edibles-category-500x500.png 500w\" sizes=\"auto, (max-width: 519px) 100vw, 519px\" \/>\t\t\t\t\t<\/div>\n\t\t\t\t\t\t\t\t<div class=\"menu-price-desc-wrapp\">\n\t\t\t\t\t<div class=\"menu-price-heading\">\n\t\t\t\t\t\t\t\t\t\t\t\t\t<h3 class=\"menu-price-title wd-entities-title\"><span>10 $ DE R\u00c9DUCTION SUR LA 2E COMMANDE<\/span><\/h3>\n\t\t\t\t\t\t\t\t\t\t\t\t<div class=\"menu-price-price price\">DEUXI\u00c8ME10<\/div>\n\t\t\t\t\t<\/div>\n\t\t\t\t\t\t\t\t\t\t\t<div class=\"menu-price-details\">Obtenez 10 $ de rabais sur votre commande lorsque vous passez votre deuxi\u00e8me commande.<\/div>\n\t\t\t\t\t\t\t\t\t<\/div>\n\n\t\t\t\t\t\t\t<\/div>\n\t\t[vc_empty_space height=&#8221;20&#8243;]\t\t\t<div class=\"wd-menu-price wd-wpb wd-with-link \">\n\t\t\t\t\t\t\t\t\t<div class=\"menu-price-image\">\n\t\t\t\t\t\t<img loading=\"lazy\" decoding=\"async\" width=\"900\" height=\"899\" src=\"https:\/\/bcweededible.net\/wp-content\/uploads\/2023\/04\/BISCOTTI-strain.jpg\" class=\"attachment-full size-full\" alt=\"biscotti weed strain single\" srcset=\"https:\/\/bcweededible.net\/wp-content\/uploads\/2023\/04\/BISCOTTI-strain.jpg 900w, https:\/\/bcweededible.net\/wp-content\/uploads\/2023\/04\/BISCOTTI-strain-350x350.jpg 350w, https:\/\/bcweededible.net\/wp-content\/uploads\/2023\/04\/BISCOTTI-strain-150x150.jpg 150w, https:\/\/bcweededible.net\/wp-content\/uploads\/2023\/04\/BISCOTTI-strain-300x300.jpg 300w, https:\/\/bcweededible.net\/wp-content\/uploads\/2023\/04\/BISCOTTI-strain-768x767.jpg 768w, https:\/\/bcweededible.net\/wp-content\/uploads\/2023\/04\/BISCOTTI-strain-500x500.jpg 500w\" sizes=\"auto, (max-width: 900px) 100vw, 900px\" \/>\t\t\t\t\t<\/div>\n\t\t\t\t\t\t\t\t<div class=\"menu-price-desc-wrapp\">\n\t\t\t\t\t<div class=\"menu-price-heading\">\n\t\t\t\t\t\t\t\t\t\t\t\t\t<h3 class=\"menu-price-title wd-entities-title\"><span>15 $ DE RABAIS SUR LES COMMANDES DE 299 $ ET PLUS<\/span><\/h3>\n\t\t\t\t\t\t\t\t\t\t\t\t<div class=\"menu-price-price price\">LARGE15<\/div>\n\t\t\t\t\t<\/div>\n\t\t\t\t\t\t\t\t\t\t\t<div class=\"menu-price-details\">\u00c9conomisez 15 $ pour toutes vos commandes sup\u00e9rieures \u00e0 300 $, parfait si vous voulez acheter du pot en vrac !<\/div>\n\t\t\t\t\t\t\t\t\t<\/div>\n\n\t\t\t\t\t\t\t\t\t<a class=\"wd-menu-price-link wd-fill\" aria-label=\"Menu price link\" href=\"http:\/\/bcweededible.net\/shop\/cannabis-flowers\/\" title=\"\"><\/a>\n\t\t\t\t\t\t\t<\/div>\n\t\t\t\t\t<div class=\"wd-menu-price wd-wpb wd-with-link \">\n\t\t\t\t\t\t\t\t\t<div class=\"menu-price-image\">\n\t\t\t\t\t\t<img loading=\"lazy\" decoding=\"async\" width=\"1080\" height=\"1080\" src=\"https:\/\/bcweededible.net\/wp-content\/uploads\/2021\/02\/500mg-thc-gummies-sativa.jpg\" class=\"attachment-full size-full\" alt=\"500mg thc gummies sativa\" srcset=\"https:\/\/bcweededible.net\/wp-content\/uploads\/2021\/02\/500mg-thc-gummies-sativa.jpg 1080w, https:\/\/bcweededible.net\/wp-content\/uploads\/2021\/02\/500mg-thc-gummies-sativa-350x350.jpg 350w, https:\/\/bcweededible.net\/wp-content\/uploads\/2021\/02\/500mg-thc-gummies-sativa-150x150.jpg 150w, https:\/\/bcweededible.net\/wp-content\/uploads\/2021\/02\/500mg-thc-gummies-sativa-300x300.jpg 300w, https:\/\/bcweededible.net\/wp-content\/uploads\/2021\/02\/500mg-thc-gummies-sativa-1024x1024.jpg 1024w, https:\/\/bcweededible.net\/wp-content\/uploads\/2021\/02\/500mg-thc-gummies-sativa-768x768.jpg 768w, https:\/\/bcweededible.net\/wp-content\/uploads\/2021\/02\/500mg-thc-gummies-sativa-500x500.jpg 500w\" sizes=\"auto, (max-width: 1080px) 100vw, 1080px\" \/>\t\t\t\t\t<\/div>\n\t\t\t\t\t\t\t\t<div class=\"menu-price-desc-wrapp\">\n\t\t\t\t\t<div class=\"menu-price-heading\">\n\t\t\t\t\t\t\t\t\t\t\t\t\t<h3 class=\"menu-price-title wd-entities-title\"><span>25 $ DE RABAIS SUR LES COMMANDES DE 499 $ ET PLUS<\/span><\/h3>\n\t\t\t\t\t\t\t\t\t\t\t\t<div class=\"menu-price-price price\">LARGE25<\/div>\n\t\t\t\t\t<\/div>\n\t\t\t\t\t\t\t\t\t\t\t<div class=\"menu-price-details\">\u00c9conomisez 25 $ pour toutes vos commandes sup\u00e9rieures \u00e0 499 $, parfait si vous voulez acheter du pot en vrac !<\/div>\n\t\t\t\t\t\t\t\t\t<\/div>\n\n\t\t\t\t\t\t\t\t\t<a class=\"wd-menu-price-link wd-fill\" aria-label=\"Menu price link\" href=\"http:\/\/bcweededible.net\/shop\/cannabis-flowers\/\" title=\"\"><\/a>\n\t\t\t\t\t\t\t<\/div>\n\t\t[vc_empty_space height=&#8221;20&#8243;][\/vc_column][\/vc_row][vc_row][vc_column][vc_column_text woodmart_inline=&#8221;no&#8221; text_larger=&#8221;no&#8221;]Keep track of all our active sales and discounts <strong>check this page<\/strong> or\u00a0 our store page on <a href=\"https:\/\/420couponcodes.com\/bc-weed-edible\/\" target=\"_blank\" rel=\"noopener\">420 Coupon Codes<\/a>, <a href=\"https:\/\/shipthedeal.com\/store\/bc-weed-edible-coupon\">ShipTheDeal.<\/a>[\/vc_column_text][\/vc_column][\/vc_row]<\/p>\n<\/div>","protected":false},"excerpt":{"rendered":"<p>[vc_row content_placement=&#8221;top&#8221; css=&#8221;.vc_custom_1492000772074{margin-bottom: 1vh !important;}&#8221;][vc_column width=&#8221;1\/2&#8243; css=&#8221;.vc_custom_1492000419608{margin-bottom: 20px !important;}&#8221;][vc_empty_space height=&#8221;20&#8243;][vc_empty_space height=&#8221;20&#8243;][\/vc_column][vc_column width=&#8221;1\/2&#8243;][vc_empty_space height=&#8221;20&#8243;][vc_empty_space height=&#8221;20&#8243;][\/vc_column][\/vc_row][vc_row][vc_column][vc_column_text woodmart_inline=&#8221;no&#8221; text_larger=&#8221;no&#8221;]Keep track of all our<\/p>\n","protected":false},"author":128625,"featured_media":0,"parent":0,"menu_order":0,"comment_status":"closed","ping_status":"closed","template":"","meta":{"footnotes":""},"class_list":["post-44188","page","type-page","status-publish","hentry"],"yoast_head":"\n<title>BC Weed Edible : Meilleur Coupons et r\u00e9ductions en avril 2026.<\/title>\n<meta name=\"robots\" content=\"index, follow, max-snippet:-1, max-image-preview:large, max-video-preview:-1\" \/>\n<link rel=\"canonical\" href=\"https:\/\/bcweededible.net\/fr\/coupons-et-reductions\/\" \/>\n<meta property=\"og:locale\" content=\"fr_FR\" \/>\n<meta property=\"og:type\" content=\"article\" \/>\n<meta property=\"og:title\" content=\"BC Weed Edible : Meilleur Coupons et r\u00e9ductions en avril 2026.\" \/>\n<meta property=\"og:description\" content=\"[vc_row content_placement=&#8221;top&#8221; css=&#8221;.vc_custom_1492000772074{margin-bottom: 1vh !important;}&#8221;][vc_column width=&#8221;1\/2&#8243; css=&#8221;.vc_custom_1492000419608{margin-bottom: 20px !important;}&#8221;][vc_empty_space height=&#8221;20&#8243;][vc_empty_space height=&#8221;20&#8243;][\/vc_column][vc_column width=&#8221;1\/2&#8243;][vc_empty_space height=&#8221;20&#8243;][vc_empty_space height=&#8221;20&#8243;][\/vc_column][\/vc_row][vc_row][vc_column][vc_column_text woodmart_inline=&#8221;no&#8221; text_larger=&#8221;no&#8221;]Keep track of all our\" \/>\n<meta property=\"og:url\" content=\"https:\/\/bcweededible.net\/fr\/coupons-et-reductions\/\" \/>\n<meta property=\"og:site_name\" content=\"BC Weed Edible\" \/>\n<meta property=\"article:modified_time\" content=\"2025-12-03T02:13:13+00:00\" \/>\n<meta name=\"twitter:card\" content=\"summary_large_image\" \/>\n<meta name=\"twitter:label1\" content=\"Dur\u00e9e de lecture estim\u00e9e\" \/>\n\t<meta name=\"twitter:data1\" content=\"2 minutes\" \/>\n<script type=\"application\/ld+json\" class=\"yoast-schema-graph\">{\"@context\":\"https:\\\/\\\/schema.org\",\"@graph\":[{\"@type\":\"WebPage\",\"@id\":\"https:\\\/\\\/bcweededible.net\\\/fr\\\/coupons-et-reductions\\\/\",\"url\":\"https:\\\/\\\/bcweededible.net\\\/fr\\\/coupons-et-reductions\\\/\",\"name\":\"BC Weed Edible : Meilleur Coupons et r\u00e9ductions en avril 2026.\",\"isPartOf\":{\"@id\":\"https:\\\/\\\/bcweededible.net\\\/fr\\\/#website\"},\"datePublished\":\"2023-09-14T19:19:12+00:00\",\"dateModified\":\"2025-12-03T02:13:13+00:00\",\"inLanguage\":\"fr-FR\",\"potentialAction\":[{\"@type\":\"ReadAction\",\"target\":[\"https:\\\/\\\/bcweededible.net\\\/fr\\\/coupons-et-reductions\\\/\"]}]},{\"@type\":\"WebSite\",\"@id\":\"https:\\\/\\\/bcweededible.net\\\/fr\\\/#website\",\"url\":\"https:\\\/\\\/bcweededible.net\\\/fr\\\/\",\"name\":\"BC Weed Edible\",\"description\":\"\",\"publisher\":{\"@id\":\"https:\\\/\\\/bcweededible.net\\\/fr\\\/#organization\"},\"potentialAction\":[{\"@type\":\"SearchAction\",\"target\":{\"@type\":\"EntryPoint\",\"urlTemplate\":\"https:\\\/\\\/bcweededible.net\\\/fr\\\/?s={search_term_string}\"},\"query-input\":{\"@type\":\"PropertyValueSpecification\",\"valueRequired\":true,\"valueName\":\"search_term_string\"}}],\"inLanguage\":\"fr-FR\"},{\"@type\":\"Organization\",\"@id\":\"https:\\\/\\\/bcweededible.net\\\/fr\\\/#organization\",\"name\":\"BC Weed Edible\",\"url\":\"https:\\\/\\\/bcweededible.net\\\/fr\\\/\",\"logo\":{\"@type\":\"ImageObject\",\"inLanguage\":\"fr-FR\",\"@id\":\"https:\\\/\\\/bcweededible.net\\\/fr\\\/#\\\/schema\\\/logo\\\/image\\\/\",\"url\":\"https:\\\/\\\/bcweededible.net\\\/wp-content\\\/uploads\\\/2021\\\/12\\\/bc-weed-edible-canada.png\",\"contentUrl\":\"https:\\\/\\\/bcweededible.net\\\/wp-content\\\/uploads\\\/2021\\\/12\\\/bc-weed-edible-canada.png\",\"width\":270,\"height\":185,\"caption\":\"BC Weed Edible\"},\"image\":{\"@id\":\"https:\\\/\\\/bcweededible.net\\\/fr\\\/#\\\/schema\\\/logo\\\/image\\\/\"}}]}<\/script>\n","yoast_head_json":{"title":"BC Weed Edible : Meilleur Coupons et r\u00e9ductions en avril 2026.","robots":{"index":"index","follow":"follow","max-snippet":"max-snippet:-1","max-image-preview":"max-image-preview:large","max-video-preview":"max-video-preview:-1"},"canonical":"https:\/\/bcweededible.net\/fr\/coupons-et-reductions\/","og_locale":"fr_FR","og_type":"article","og_title":"BC Weed Edible : Meilleur Coupons et r\u00e9ductions en avril 2026.","og_description":"[vc_row content_placement=&#8221;top&#8221; css=&#8221;.vc_custom_1492000772074{margin-bottom: 1vh !important;}&#8221;][vc_column width=&#8221;1\/2&#8243; css=&#8221;.vc_custom_1492000419608{margin-bottom: 20px !important;}&#8221;][vc_empty_space height=&#8221;20&#8243;][vc_empty_space height=&#8221;20&#8243;][\/vc_column][vc_column width=&#8221;1\/2&#8243;][vc_empty_space height=&#8221;20&#8243;][vc_empty_space height=&#8221;20&#8243;][\/vc_column][\/vc_row][vc_row][vc_column][vc_column_text woodmart_inline=&#8221;no&#8221; text_larger=&#8221;no&#8221;]Keep track of all our","og_url":"https:\/\/bcweededible.net\/fr\/coupons-et-reductions\/","og_site_name":"BC Weed Edible","article_modified_time":"2025-12-03T02:13:13+00:00","twitter_card":"summary_large_image","twitter_misc":{"Dur\u00e9e de lecture estim\u00e9e":"2 minutes"},"schema":{"@context":"https:\/\/schema.org","@graph":[{"@type":"WebPage","@id":"https:\/\/bcweededible.net\/fr\/coupons-et-reductions\/","url":"https:\/\/bcweededible.net\/fr\/coupons-et-reductions\/","name":"BC Weed Edible : Meilleur Coupons et r\u00e9ductions en avril 2026.","isPartOf":{"@id":"https:\/\/bcweededible.net\/fr\/#website"},"datePublished":"2023-09-14T19:19:12+00:00","dateModified":"2025-12-03T02:13:13+00:00","inLanguage":"fr-FR","potentialAction":[{"@type":"ReadAction","target":["https:\/\/bcweededible.net\/fr\/coupons-et-reductions\/"]}]},{"@type":"WebSite","@id":"https:\/\/bcweededible.net\/fr\/#website","url":"https:\/\/bcweededible.net\/fr\/","name":"BC Weed Edible","description":"","publisher":{"@id":"https:\/\/bcweededible.net\/fr\/#organization"},"potentialAction":[{"@type":"SearchAction","target":{"@type":"EntryPoint","urlTemplate":"https:\/\/bcweededible.net\/fr\/?s={search_term_string}"},"query-input":{"@type":"PropertyValueSpecification","valueRequired":true,"valueName":"search_term_string"}}],"inLanguage":"fr-FR"},{"@type":"Organization","@id":"https:\/\/bcweededible.net\/fr\/#organization","name":"BC Weed Edible","url":"https:\/\/bcweededible.net\/fr\/","logo":{"@type":"ImageObject","inLanguage":"fr-FR","@id":"https:\/\/bcweededible.net\/fr\/#\/schema\/logo\/image\/","url":"https:\/\/bcweededible.net\/wp-content\/uploads\/2021\/12\/bc-weed-edible-canada.png","contentUrl":"https:\/\/bcweededible.net\/wp-content\/uploads\/2021\/12\/bc-weed-edible-canada.png","width":270,"height":185,"caption":"BC Weed Edible"},"image":{"@id":"https:\/\/bcweededible.net\/fr\/#\/schema\/logo\/image\/"}}]}},"_links":{"self":[{"href":"https:\/\/bcweededible.net\/fr\/wp-json\/wp\/v2\/pages\/44188","targetHints":{"allow":["GET"]}}],"collection":[{"href":"https:\/\/bcweededible.net\/fr\/wp-json\/wp\/v2\/pages"}],"about":[{"href":"https:\/\/bcweededible.net\/fr\/wp-json\/wp\/v2\/types\/page"}],"author":[{"embeddable":true,"href":"https:\/\/bcweededible.net\/fr\/wp-json\/wp\/v2\/users\/128625"}],"replies":[{"embeddable":true,"href":"https:\/\/bcweededible.net\/fr\/wp-json\/wp\/v2\/comments?post=44188"}],"version-history":[{"count":3,"href":"https:\/\/bcweededible.net\/fr\/wp-json\/wp\/v2\/pages\/44188\/revisions"}],"predecessor-version":[{"id":108909,"href":"https:\/\/bcweededible.net\/fr\/wp-json\/wp\/v2\/pages\/44188\/revisions\/108909"}],"wp:attachment":[{"href":"https:\/\/bcweededible.net\/fr\/wp-json\/wp\/v2\/media?parent=44188"}],"curies":[{"name":"wp","href":"https:\/\/api.w.org\/{rel}","templated":true}]}}