{"id":15938,"date":"2022-05-30T14:16:54","date_gmt":"2022-05-30T21:16:54","guid":{"rendered":"http:\/\/bcweededible.net\/termes-et-conditions\/"},"modified":"2022-05-30T14:16:54","modified_gmt":"2022-05-30T21:16:54","slug":"termes-et-conditions","status":"publish","type":"page","link":"https:\/\/bcweededible.net\/fr\/termes-et-conditions\/","title":{"rendered":"Termes et conditions"},"content":{"rendered":"\n<p>Aucun mineur n&#8217;est autoris\u00e9. Vous devez avoir 19 ans ou plus pour utiliser le site Web BC Weed Edible ou l&#8217;un de ses produits. En devenant membre, vous avez confirm\u00e9 que vous avez au moins 19 ans ou plus. Nous ne fournissons en aucun cas aux mineurs.<\/p>\n\n<p>J&#8217;affirme par la pr\u00e9sente que j&#8217;ai <strong>l&#8217;\u00e2ge l\u00e9gal<\/strong> pour acheter du cannabis et fournirai une pi\u00e8ce d&#8217;identit\u00e9 gouvernementale valide pour le prouver si n\u00e9cessaire.<\/p>\n\n<p>L&#8217;\u00e2ge l\u00e9gal est de <strong>19 ans<\/strong> en :<\/p>\n\n<ul class=\"wp-block-list\"><li>Colombie britannique<\/li><li>Manitoba<\/li><li>Nouveau-Brunswick<\/li><li>Terre-Neuve-et-Labrador<\/li><li>Territoires du nord-ouest<\/li><li>Nouvelle-\u00c9cosse<\/li><li>Nunavut<\/li><li>Ontario<\/li><li>\u00cele-du-Prince-\u00c9douard<\/li><li>Saskatchewan<\/li><li>Yukon<\/li><\/ul>\n\n<p>L&#8217;\u00e2ge l\u00e9gal est de <strong>21 ans<\/strong> en :<\/p>\n\n<ul class=\"wp-block-list\"><li>Qu\u00e9bec<\/li><\/ul>\n\n<p>Pas de revente de nos produits ou de partage. Nous fournissons du cannabis pour un usage strictement personnel uniquement. Veuillez garder le cannabis et les produits li\u00e9s au cannabis hors de port\u00e9e des enfants et des animaux. Ne conduisez pas et n&#8217;utilisez pas de machinerie lourde si le cannabis est consomm\u00e9 sous quelque forme que ce soit.<\/p>\n","protected":false},"excerpt":{"rendered":"<p>Aucun mineur n&#8217;est autoris\u00e9. Vous devez avoir 19 ans ou plus pour utiliser le site Web BC Weed Edible ou<\/p>\n","protected":false},"author":128625,"featured_media":0,"parent":0,"menu_order":0,"comment_status":"closed","ping_status":"open","template":"","meta":{"footnotes":""},"class_list":["post-15938","page","type-page","status-publish","hentry"],"yoast_head":"\n<title>Termes et conditions | BC Weed Edible<\/title>\n<meta name=\"robots\" content=\"index, follow, max-snippet:-1, max-image-preview:large, max-video-preview:-1\" \/>\n<link rel=\"canonical\" href=\"https:\/\/bcweededible.net\/fr\/termes-et-conditions\/\" \/>\n<meta property=\"og:locale\" content=\"fr_FR\" \/>\n<meta property=\"og:type\" content=\"article\" \/>\n<meta property=\"og:title\" content=\"Termes et conditions | BC Weed Edible\" \/>\n<meta property=\"og:description\" content=\"Aucun mineur n&#8217;est autoris\u00e9. Vous devez avoir 19 ans ou plus pour utiliser le site Web BC Weed Edible ou\" \/>\n<meta property=\"og:url\" content=\"https:\/\/bcweededible.net\/fr\/termes-et-conditions\/\" \/>\n<meta property=\"og:site_name\" content=\"BC Weed Edible\" \/>\n<meta name=\"twitter:card\" content=\"summary_large_image\" \/>\n<meta name=\"twitter:label1\" content=\"Dur\u00e9e de lecture estim\u00e9e\" \/>\n\t<meta name=\"twitter:data1\" content=\"1 minute\" \/>\n<script type=\"application\/ld+json\" class=\"yoast-schema-graph\">{\"@context\":\"https:\\\/\\\/schema.org\",\"@graph\":[{\"@type\":\"WebPage\",\"@id\":\"https:\\\/\\\/bcweededible.net\\\/fr\\\/termes-et-conditions\\\/\",\"url\":\"https:\\\/\\\/bcweededible.net\\\/fr\\\/termes-et-conditions\\\/\",\"name\":\"Termes et conditions | BC Weed Edible\",\"isPartOf\":{\"@id\":\"https:\\\/\\\/bcweededible.net\\\/fr\\\/#website\"},\"datePublished\":\"2022-05-30T21:16:54+00:00\",\"inLanguage\":\"fr-FR\",\"potentialAction\":[{\"@type\":\"ReadAction\",\"target\":[\"https:\\\/\\\/bcweededible.net\\\/fr\\\/termes-et-conditions\\\/\"]}]},{\"@type\":\"WebSite\",\"@id\":\"https:\\\/\\\/bcweededible.net\\\/fr\\\/#website\",\"url\":\"https:\\\/\\\/bcweededible.net\\\/fr\\\/\",\"name\":\"BC Weed Edible\",\"description\":\"\",\"publisher\":{\"@id\":\"https:\\\/\\\/bcweededible.net\\\/fr\\\/#organization\"},\"potentialAction\":[{\"@type\":\"SearchAction\",\"target\":{\"@type\":\"EntryPoint\",\"urlTemplate\":\"https:\\\/\\\/bcweededible.net\\\/fr\\\/?s={search_term_string}\"},\"query-input\":{\"@type\":\"PropertyValueSpecification\",\"valueRequired\":true,\"valueName\":\"search_term_string\"}}],\"inLanguage\":\"fr-FR\"},{\"@type\":\"Organization\",\"@id\":\"https:\\\/\\\/bcweededible.net\\\/fr\\\/#organization\",\"name\":\"BC Weed Edible\",\"url\":\"https:\\\/\\\/bcweededible.net\\\/fr\\\/\",\"logo\":{\"@type\":\"ImageObject\",\"inLanguage\":\"fr-FR\",\"@id\":\"https:\\\/\\\/bcweededible.net\\\/fr\\\/#\\\/schema\\\/logo\\\/image\\\/\",\"url\":\"https:\\\/\\\/bcweededible.net\\\/wp-content\\\/uploads\\\/2021\\\/12\\\/bc-weed-edible-canada.png\",\"contentUrl\":\"https:\\\/\\\/bcweededible.net\\\/wp-content\\\/uploads\\\/2021\\\/12\\\/bc-weed-edible-canada.png\",\"width\":270,\"height\":185,\"caption\":\"BC Weed Edible\"},\"image\":{\"@id\":\"https:\\\/\\\/bcweededible.net\\\/fr\\\/#\\\/schema\\\/logo\\\/image\\\/\"}}]}<\/script>\n","yoast_head_json":{"title":"Termes et conditions | BC Weed Edible","robots":{"index":"index","follow":"follow","max-snippet":"max-snippet:-1","max-image-preview":"max-image-preview:large","max-video-preview":"max-video-preview:-1"},"canonical":"https:\/\/bcweededible.net\/fr\/termes-et-conditions\/","og_locale":"fr_FR","og_type":"article","og_title":"Termes et conditions | BC Weed Edible","og_description":"Aucun mineur n&#8217;est autoris\u00e9. Vous devez avoir 19 ans ou plus pour utiliser le site Web BC Weed Edible ou","og_url":"https:\/\/bcweededible.net\/fr\/termes-et-conditions\/","og_site_name":"BC Weed Edible","twitter_card":"summary_large_image","twitter_misc":{"Dur\u00e9e de lecture estim\u00e9e":"1 minute"},"schema":{"@context":"https:\/\/schema.org","@graph":[{"@type":"WebPage","@id":"https:\/\/bcweededible.net\/fr\/termes-et-conditions\/","url":"https:\/\/bcweededible.net\/fr\/termes-et-conditions\/","name":"Termes et conditions | BC Weed Edible","isPartOf":{"@id":"https:\/\/bcweededible.net\/fr\/#website"},"datePublished":"2022-05-30T21:16:54+00:00","inLanguage":"fr-FR","potentialAction":[{"@type":"ReadAction","target":["https:\/\/bcweededible.net\/fr\/termes-et-conditions\/"]}]},{"@type":"WebSite","@id":"https:\/\/bcweededible.net\/fr\/#website","url":"https:\/\/bcweededible.net\/fr\/","name":"BC Weed Edible","description":"","publisher":{"@id":"https:\/\/bcweededible.net\/fr\/#organization"},"potentialAction":[{"@type":"SearchAction","target":{"@type":"EntryPoint","urlTemplate":"https:\/\/bcweededible.net\/fr\/?s={search_term_string}"},"query-input":{"@type":"PropertyValueSpecification","valueRequired":true,"valueName":"search_term_string"}}],"inLanguage":"fr-FR"},{"@type":"Organization","@id":"https:\/\/bcweededible.net\/fr\/#organization","name":"BC Weed Edible","url":"https:\/\/bcweededible.net\/fr\/","logo":{"@type":"ImageObject","inLanguage":"fr-FR","@id":"https:\/\/bcweededible.net\/fr\/#\/schema\/logo\/image\/","url":"https:\/\/bcweededible.net\/wp-content\/uploads\/2021\/12\/bc-weed-edible-canada.png","contentUrl":"https:\/\/bcweededible.net\/wp-content\/uploads\/2021\/12\/bc-weed-edible-canada.png","width":270,"height":185,"caption":"BC Weed Edible"},"image":{"@id":"https:\/\/bcweededible.net\/fr\/#\/schema\/logo\/image\/"}}]}},"_links":{"self":[{"href":"https:\/\/bcweededible.net\/fr\/wp-json\/wp\/v2\/pages\/15938","targetHints":{"allow":["GET"]}}],"collection":[{"href":"https:\/\/bcweededible.net\/fr\/wp-json\/wp\/v2\/pages"}],"about":[{"href":"https:\/\/bcweededible.net\/fr\/wp-json\/wp\/v2\/types\/page"}],"author":[{"embeddable":true,"href":"https:\/\/bcweededible.net\/fr\/wp-json\/wp\/v2\/users\/128625"}],"replies":[{"embeddable":true,"href":"https:\/\/bcweededible.net\/fr\/wp-json\/wp\/v2\/comments?post=15938"}],"version-history":[{"count":1,"href":"https:\/\/bcweededible.net\/fr\/wp-json\/wp\/v2\/pages\/15938\/revisions"}],"predecessor-version":[{"id":15942,"href":"https:\/\/bcweededible.net\/fr\/wp-json\/wp\/v2\/pages\/15938\/revisions\/15942"}],"wp:attachment":[{"href":"https:\/\/bcweededible.net\/fr\/wp-json\/wp\/v2\/media?parent=15938"}],"curies":[{"name":"wp","href":"https:\/\/api.w.org\/{rel}","templated":true}]}}